{"id":24,"date":"2026-01-21T11:11:18","date_gmt":"2026-01-21T11:11:18","guid":{"rendered":"https:\/\/martatrigueros.fpcei.eu\/?page_id=24"},"modified":"2026-03-01T08:50:27","modified_gmt":"2026-03-01T08:50:27","slug":"biografia","status":"publish","type":"page","link":"https:\/\/martatrigueros.fpcei.eu\/?page_id=24","title":{"rendered":"Biograf\u00eda"},"content":{"rendered":"\n<div class=\"wp-block-group alignfull is-nowrap is-layout-flex wp-container-core-group-is-layout-65fe999b wp-block-group-is-layout-flex\" style=\"padding-top:var(--wp--preset--spacing--50);padding-right:var(--wp--preset--spacing--50);padding-bottom:var(--wp--preset--spacing--50);padding-left:var(--wp--preset--spacing--50)\">\n<div class=\"wp-block-group has-global-padding is-layout-constrained wp-container-core-group-is-layout-650790e1 wp-block-group-is-layout-constrained\">\n<h1 class=\"wp-block-heading has-text-align-center has-x-large-font-size\">\u00bfQui\u00e9n es John Poll\u00f5n?<\/h1>\n\n\n\n<div style=\"height:1.25rem\" aria-hidden=\"true\" class=\"wp-block-spacer\"><\/div>\n\n\n\n<p class=\"has-text-align-center\">Es un cantante y compositor espa\u00f1ol artisticamente conocido como John Poll\u00f5n, en sueco John polen tambi\u00e9n se le conoce como johnp\u00f6, johnnie the poo; sin embargo su nombre real es Nicol\u00e1s N\u00e9stor Vega Nordlund. Nacio a principios de los 2000 aunque no fue hasta 2020 su incorporaci\u00f3n  al mundo musical como artista emergente.<\/p>\n\n\n\n<div style=\"height:1.25rem\" aria-hidden=\"true\" class=\"wp-block-spacer\"><\/div>\n\n\n\n<div class=\"wp-block-buttons is-content-justification-center is-layout-flex wp-container-core-buttons-is-layout-a89b3969 wp-block-buttons-is-layout-flex\">\n<div class=\"wp-block-button\"><a class=\"wp-block-button__link wp-element-button\">Sobre nosotros<\/a><\/div>\n<\/div>\n<\/div>\n\n\n\n<div style=\"height:var(--wp--preset--spacing--30);width:0px\" aria-hidden=\"true\" class=\"wp-block-spacer wp-container-content-32e3a40d\"><\/div>\n\n\n\n<div class=\"wp-block-columns is-layout-flex wp-container-core-columns-is-layout-28f84493 wp-block-columns-is-layout-flex\">\n<div class=\"wp-block-column is-layout-flow wp-block-column-is-layout-flow\" style=\"flex-basis:100%\">\n<figure class=\"wp-block-image alignwide size-full is-style-rounded\"><img loading=\"lazy\" decoding=\"async\" width=\"900\" height=\"546\" src=\"https:\/\/martatrigueros.fpcei.eu\/wp-content\/uploads\/2026\/02\/John-Pollon-1.webp\" alt=\"\" class=\"wp-image-61\" srcset=\"https:\/\/martatrigueros.fpcei.eu\/wp-content\/uploads\/2026\/02\/John-Pollon-1.webp 900w, https:\/\/martatrigueros.fpcei.eu\/wp-content\/uploads\/2026\/02\/John-Pollon-1-300x182.webp 300w, https:\/\/martatrigueros.fpcei.eu\/wp-content\/uploads\/2026\/02\/John-Pollon-1-768x466.webp 768w\" sizes=\"auto, (max-width: 900px) 100vw, 900px\" \/><\/figure>\n\n\n\n<div class=\"wp-block-group is-nowrap is-layout-flex wp-container-core-group-is-layout-6c531013 wp-block-group-is-layout-flex\">\n<figure class=\"wp-block-image size-full\"><img loading=\"lazy\" decoding=\"async\" width=\"400\" height=\"400\" src=\"https:\/\/martatrigueros.fpcei.eu\/wp-content\/uploads\/2026\/02\/1fe40266-d911-460b-98e6-6e0835219749.jpg\" alt=\"\" class=\"wp-image-62\" srcset=\"https:\/\/martatrigueros.fpcei.eu\/wp-content\/uploads\/2026\/02\/1fe40266-d911-460b-98e6-6e0835219749.jpg 400w, https:\/\/martatrigueros.fpcei.eu\/wp-content\/uploads\/2026\/02\/1fe40266-d911-460b-98e6-6e0835219749-300x300.jpg 300w, https:\/\/martatrigueros.fpcei.eu\/wp-content\/uploads\/2026\/02\/1fe40266-d911-460b-98e6-6e0835219749-150x150.jpg 150w\" sizes=\"auto, (max-width: 400px) 100vw, 400px\" \/><\/figure>\n<\/div>\n<\/div>\n<\/div>\n<\/div>\n\n\n\n<div class=\"wp-block-group alignfull has-base-2-background-color has-background has-global-padding is-layout-constrained wp-container-core-group-is-layout-669513ed wp-block-group-is-layout-constrained\" style=\"margin-top:0;margin-bottom:0;padding-top:var(--wp--preset--spacing--50);padding-right:var(--wp--preset--spacing--50);padding-bottom:var(--wp--preset--spacing--50);padding-left:var(--wp--preset--spacing--50)\">\n<div class=\"wp-block-group is-vertical is-content-justification-center is-layout-flex wp-container-core-group-is-layout-52b864f0 wp-block-group-is-layout-flex\">\n<h2 class=\"wp-block-heading has-text-align-center is-style-asterisk\">Datos de inter\u00e9s<\/h2>\n\n\n\n<div style=\"height:0px\" aria-hidden=\"true\" class=\"wp-block-spacer wp-container-content-4f2ccadb\"><\/div>\n\n\n\n<p class=\"has-text-align-center\">Aqu\u00ed podr\u00e1s encontrar respuesta a muchas preguntas de los fans <\/p>\n<\/div>\n\n\n\n<div style=\"margin-top:0;margin-bottom:0;height:var(--wp--preset--spacing--40)\" aria-hidden=\"true\" class=\"wp-block-spacer\"><\/div>\n\n\n\n<div class=\"wp-block-columns alignwide is-layout-flex wp-container-core-columns-is-layout-d0bbbce0 wp-block-columns-is-layout-flex\">\n<div class=\"wp-block-column is-layout-flow wp-container-core-column-is-layout-e3d1c41b wp-block-column-is-layout-flow\">\n<h3 class=\"wp-block-heading has-text-align-left is-style-asterisk has-body-font-family has-medium-font-size\" style=\"font-style:normal;font-weight:600\">\u00bfD\u00f3nde y cuando naci\u00f3?<\/h3>\n\n\n\n<p>Su familia tiene ascendencia sueca, un pa\u00eds transcontinental situado en el norte de Europa, pero \u00e9l naci\u00f3 a principios de la d\u00e9cada de los 2000 en la comarca de El Bierzo, situada en Le\u00f3n.<\/p>\n<\/div>\n\n\n\n<div class=\"wp-block-column is-layout-flow wp-container-core-column-is-layout-e3d1c41b wp-block-column-is-layout-flow\">\n<h3 class=\"wp-block-heading has-text-align-left is-style-asterisk has-body-font-family has-medium-font-size\" style=\"font-style:normal;font-weight:600\">\u00bfQu\u00e9 estudios tiene?<\/h3>\n\n\n\n<p class=\"has-text-align-left\">Nicol\u00e1s decidi\u00f3 estudiar un doble grado en f\u00edsica y matem\u00e1ticas. Mostr\u00f3 gran inter\u00e9s por en la f\u00edsica cu\u00e1ntica, que estudia el comportamiento de la materia y la energ\u00eda a escalas at\u00f3mica y subat\u00f3mica, y se interes\u00f3 por la ontolog\u00eda, que  estudia las entidades.<\/p>\n<\/div>\n\n\n\n<div class=\"wp-block-column is-layout-flow wp-container-core-column-is-layout-e3d1c41b wp-block-column-is-layout-flow\">\n<h3 class=\"wp-block-heading has-text-align-left is-style-asterisk has-body-font-family has-medium-font-size\" style=\"font-style:normal;font-weight:600\">\u00bfC\u00f3mo fue el inicio de su trayectoria musical?<\/h3>\n\n\n\n<p class=\"has-text-align-left\">En 2020 comienza a publicar m\u00fasica de forma independiente, fusionando reggaet\u00f3n, trap y pop. Su primer lanzamiento fue <em>\u201cLet Me Free\u201d<\/em>, y en esta etapa tambi\u00e9n destacan los EP <em>\u201cLejos de Aqu\u00ed\u201d<\/em>, <em>\u201cAyer\u201d<\/em> e <em>\u201cI Don\u2019t Wanna Wake Up\u201d<\/em>.<\/p>\n\n\n\n<p class=\"has-text-align-left\">En 2021 alcanza su primer gran \u00e9xito con <em>\u201cLa Gallina\u201d<\/em> (junto a Parkineos), que se viraliza en TikTok y supera los dos millones de reproducciones, expandiendo su alcance m\u00e1s all\u00e1 de El Bierzo.<\/p>\n<\/div>\n<\/div>\n\n\n\n<div style=\"height:var(--wp--preset--spacing--20)\" aria-hidden=\"true\" class=\"wp-block-spacer\"><\/div>\n\n\n\n<div class=\"wp-block-columns alignwide is-layout-flex wp-container-core-columns-is-layout-d0bbbce0 wp-block-columns-is-layout-flex\">\n<div class=\"wp-block-column is-layout-flow wp-container-core-column-is-layout-e3d1c41b wp-block-column-is-layout-flow\">\n<h3 class=\"wp-block-heading has-text-align-left is-style-asterisk has-body-font-family has-medium-font-size\" style=\"font-style:normal;font-weight:600\">\u00bfC\u00f3mo consigui\u00f3 consolidar su m\u00fasica?<\/h3>\n\n\n\n<p class=\"has-text-align-left\">Tras su impacto en redes, continu\u00f3 lanzando sencillos que conectan con el p\u00fablico joven y acumulan millones de reproducciones en plataformas digitales. Entre los m\u00e1s destacados est\u00e1n <em>\u201cUn Ratito M\u00e1s\u201d<\/em>, <em>\u201cNo Es Lo M\u00edo\u201d<\/em> (Disco de Oro), <em>\u201cLlena Luna\u201d<\/em>, <em>\u201cBlack Hole\u201d<\/em> y <em>\u201cCaries\u201d<\/em>.<\/p>\n\n\n\n<p class=\"has-text-align-left\">Ha colaborado con artistas como Lil Mess, Mda, El $uave, Parkineos, Mister Moreno, Yeez Codein, Hilfi, Periglo, Yung Nick y C Mar\u00ed, consolid\u00e1ndose como referente juvenil en El Bierzo y la provincia de Le\u00f3n.<\/p>\n<\/div>\n\n\n\n<div class=\"wp-block-column is-layout-flow wp-container-core-column-is-layout-e3d1c41b wp-block-column-is-layout-flow\">\n<h3 class=\"wp-block-heading has-text-align-left is-style-asterisk has-body-font-family has-medium-font-size\" style=\"font-style:normal;font-weight:600\">\u00bfC\u00f3mo avanza su crecimiento musical?<\/h3>\n\n\n\n<p class=\"has-text-align-left\">En 2022 firma con Warner Music, impulsando su proyecci\u00f3n nacional. Ha realizado giras por diversas ciudades espa\u00f1olas y actualmente presenta <em>\u201cLa Gira L\u00e1ctea\u201d<\/em> (2025\u20132026), que recorrer\u00e1 varias ciudades y culminar\u00e1 en el Palacio Vistalegre de Madrid.<\/p>\n\n\n\n<p class=\"has-text-align-left\">Adem\u00e1s, es uno de los principales promotores del festival Univers\u00f5 0125 en Cacabelos, su localidad natal.<\/p>\n<\/div>\n<\/div>\n<\/div>\n\n\n\n<p><\/p>\n\n\n\n<ul class=\"wp-block-social-links is-layout-flex wp-block-social-links-is-layout-flex\"><li class=\"wp-social-link wp-social-link-spotify  wp-block-social-link\"><a href=\"https:\/\/open.spotify.com\/intl-es\/artist\/4fJie9zmEW6VmFoQKrx4Lh?si=gpVy5suHQraeFRtSLf6Dhw\" class=\"wp-block-social-link-anchor\"><svg width=\"24\" height=\"24\" viewBox=\"0 0 24 24\" version=\"1.1\" xmlns=\"http:\/\/www.w3.org\/2000\/svg\" aria-hidden=\"true\" focusable=\"false\"><path d=\"M12,2C6.477,2,2,6.477,2,12c0,5.523,4.477,10,10,10c5.523,0,10-4.477,10-10C22,6.477,17.523,2,12,2 M16.586,16.424 c-0.18,0.295-0.563,0.387-0.857,0.207c-2.348-1.435-5.304-1.76-8.785-0.964c-0.335,0.077-0.67-0.133-0.746-0.469 c-0.077-0.335,0.132-0.67,0.469-0.746c3.809-0.871,7.077-0.496,9.713,1.115C16.673,15.746,16.766,16.13,16.586,16.424 M17.81,13.7 c-0.226,0.367-0.706,0.482-1.072,0.257c-2.687-1.652-6.785-2.131-9.965-1.166C6.36,12.917,5.925,12.684,5.8,12.273 C5.675,11.86,5.908,11.425,6.32,11.3c3.632-1.102,8.147-0.568,11.234,1.328C17.92,12.854,18.035,13.335,17.81,13.7 M17.915,10.865 c-3.223-1.914-8.54-2.09-11.618-1.156C5.804,9.859,5.281,9.58,5.131,9.086C4.982,8.591,5.26,8.069,5.755,7.919 c3.532-1.072,9.404-0.865,13.115,1.338c0.445,0.264,0.59,0.838,0.327,1.282C18.933,10.983,18.359,11.129,17.915,10.865\"><\/path><\/svg><span class=\"wp-block-social-link-label screen-reader-text\">Spotify<\/span><\/a><\/li>\n\n<li class=\"wp-social-link wp-social-link-instagram  wp-block-social-link\"><a href=\"https:\/\/www.instagram.com\/johnpollonconway?igsh=MWFvamU2azJqZGw4bw==\" class=\"wp-block-social-link-anchor\"><svg width=\"24\" height=\"24\" viewBox=\"0 0 24 24\" version=\"1.1\" xmlns=\"http:\/\/www.w3.org\/2000\/svg\" aria-hidden=\"true\" focusable=\"false\"><path d=\"M12,4.622c2.403,0,2.688,0.009,3.637,0.052c0.877,0.04,1.354,0.187,1.671,0.31c0.42,0.163,0.72,0.358,1.035,0.673 c0.315,0.315,0.51,0.615,0.673,1.035c0.123,0.317,0.27,0.794,0.31,1.671c0.043,0.949,0.052,1.234,0.052,3.637 s-0.009,2.688-0.052,3.637c-0.04,0.877-0.187,1.354-0.31,1.671c-0.163,0.42-0.358,0.72-0.673,1.035 c-0.315,0.315-0.615,0.51-1.035,0.673c-0.317,0.123-0.794,0.27-1.671,0.31c-0.949,0.043-1.233,0.052-3.637,0.052 s-2.688-0.009-3.637-0.052c-0.877-0.04-1.354-0.187-1.671-0.31c-0.42-0.163-0.72-0.358-1.035-0.673 c-0.315-0.315-0.51-0.615-0.673-1.035c-0.123-0.317-0.27-0.794-0.31-1.671C4.631,14.688,4.622,14.403,4.622,12 s0.009-2.688,0.052-3.637c0.04-0.877,0.187-1.354,0.31-1.671c0.163-0.42,0.358-0.72,0.673-1.035 c0.315-0.315,0.615-0.51,1.035-0.673c0.317-0.123,0.794-0.27,1.671-0.31C9.312,4.631,9.597,4.622,12,4.622 M12,3 C9.556,3,9.249,3.01,8.289,3.054C7.331,3.098,6.677,3.25,6.105,3.472C5.513,3.702,5.011,4.01,4.511,4.511 c-0.5,0.5-0.808,1.002-1.038,1.594C3.25,6.677,3.098,7.331,3.054,8.289C3.01,9.249,3,9.556,3,12c0,2.444,0.01,2.751,0.054,3.711 c0.044,0.958,0.196,1.612,0.418,2.185c0.23,0.592,0.538,1.094,1.038,1.594c0.5,0.5,1.002,0.808,1.594,1.038 c0.572,0.222,1.227,0.375,2.185,0.418C9.249,20.99,9.556,21,12,21s2.751-0.01,3.711-0.054c0.958-0.044,1.612-0.196,2.185-0.418 c0.592-0.23,1.094-0.538,1.594-1.038c0.5-0.5,0.808-1.002,1.038-1.594c0.222-0.572,0.375-1.227,0.418-2.185 C20.99,14.751,21,14.444,21,12s-0.01-2.751-0.054-3.711c-0.044-0.958-0.196-1.612-0.418-2.185c-0.23-0.592-0.538-1.094-1.038-1.594 c-0.5-0.5-1.002-0.808-1.594-1.038c-0.572-0.222-1.227-0.375-2.185-0.418C14.751,3.01,14.444,3,12,3L12,3z M12,7.378 c-2.552,0-4.622,2.069-4.622,4.622S9.448,16.622,12,16.622s4.622-2.069,4.622-4.622S14.552,7.378,12,7.378z M12,15 c-1.657,0-3-1.343-3-3s1.343-3,3-3s3,1.343,3,3S13.657,15,12,15z M16.804,6.116c-0.596,0-1.08,0.484-1.08,1.08 s0.484,1.08,1.08,1.08c0.596,0,1.08-0.484,1.08-1.08S17.401,6.116,16.804,6.116z\"><\/path><\/svg><span class=\"wp-block-social-link-label screen-reader-text\">Instagram<\/span><\/a><\/li>\n\n<li class=\"wp-social-link wp-social-link-youtube  wp-block-social-link\"><a href=\"https:\/\/youtube.com\/@johnpollon4702?si=E67UisGAcwLN_soi\" class=\"wp-block-social-link-anchor\"><svg width=\"24\" height=\"24\" viewBox=\"0 0 24 24\" version=\"1.1\" xmlns=\"http:\/\/www.w3.org\/2000\/svg\" aria-hidden=\"true\" focusable=\"false\"><path d=\"M21.8,8.001c0,0-0.195-1.378-0.795-1.985c-0.76-0.797-1.613-0.801-2.004-0.847c-2.799-0.202-6.997-0.202-6.997-0.202 h-0.009c0,0-4.198,0-6.997,0.202C4.608,5.216,3.756,5.22,2.995,6.016C2.395,6.623,2.2,8.001,2.2,8.001S2,9.62,2,11.238v1.517 c0,1.618,0.2,3.237,0.2,3.237s0.195,1.378,0.795,1.985c0.761,0.797,1.76,0.771,2.205,0.855c1.6,0.153,6.8,0.201,6.8,0.201 s4.203-0.006,7.001-0.209c0.391-0.047,1.243-0.051,2.004-0.847c0.6-0.607,0.795-1.985,0.795-1.985s0.2-1.618,0.2-3.237v-1.517 C22,9.62,21.8,8.001,21.8,8.001z M9.935,14.594l-0.001-5.62l5.404,2.82L9.935,14.594z\"><\/path><\/svg><span class=\"wp-block-social-link-label screen-reader-text\">YouTube<\/span><\/a><\/li><\/ul>\n","protected":false},"excerpt":{"rendered":"<p>\u00bfQui\u00e9n es John Poll\u00f5n? Es un cantante y compositor espa\u00f1ol artisticamente conocido como John Poll\u00f5n, en sueco John polen tambi\u00e9n se le conoce como johnp\u00f6, johnnie the poo; sin embargo su nombre real es Nicol\u00e1s N\u00e9stor Vega Nordlund. Nacio a principios de los 2000 aunque no fue hasta 2020 su incorporaci\u00f3n al mundo musical como [&hellip;]<\/p>\n","protected":false},"author":2,"featured_media":0,"parent":0,"menu_order":0,"comment_status":"closed","ping_status":"closed","template":"","meta":{"footnotes":""},"class_list":["post-24","page","type-page","status-publish","hentry"],"_links":{"self":[{"href":"https:\/\/martatrigueros.fpcei.eu\/index.php?rest_route=\/wp\/v2\/pages\/24","targetHints":{"allow":["GET"]}}],"collection":[{"href":"https:\/\/martatrigueros.fpcei.eu\/index.php?rest_route=\/wp\/v2\/pages"}],"about":[{"href":"https:\/\/martatrigueros.fpcei.eu\/index.php?rest_route=\/wp\/v2\/types\/page"}],"author":[{"embeddable":true,"href":"https:\/\/martatrigueros.fpcei.eu\/index.php?rest_route=\/wp\/v2\/users\/2"}],"replies":[{"embeddable":true,"href":"https:\/\/martatrigueros.fpcei.eu\/index.php?rest_route=%2Fwp%2Fv2%2Fcomments&post=24"}],"version-history":[{"count":9,"href":"https:\/\/martatrigueros.fpcei.eu\/index.php?rest_route=\/wp\/v2\/pages\/24\/revisions"}],"predecessor-version":[{"id":167,"href":"https:\/\/martatrigueros.fpcei.eu\/index.php?rest_route=\/wp\/v2\/pages\/24\/revisions\/167"}],"wp:attachment":[{"href":"https:\/\/martatrigueros.fpcei.eu\/index.php?rest_route=%2Fwp%2Fv2%2Fmedia&parent=24"}],"curies":[{"name":"wp","href":"https:\/\/api.w.org\/{rel}","templated":true}]}}